{"id":1556,"date":"2016-05-20T05:19:20","date_gmt":"2016-05-20T05:19:20","guid":{"rendered":"http:\/\/andreish.ch\/contacts\/"},"modified":"2023-05-03T16:59:31","modified_gmt":"2023-05-03T13:59:31","slug":"contactez-nous","status":"publish","type":"page","link":"https:\/\/andreish.ch\/fr\/contactez-nous\/","title":{"rendered":"Contactez nous"},"content":{"rendered":"<section class=\"wpb-content-wrapper\"><p>[vc_row][vc_column][vc_empty_space height=\u00a0\u00bb80px\u00a0\u00bb][\/vc_column][\/vc_row][vc_row][vc_column]<div id=\"ultimate-heading-854569ef484d3d5f7\" class=\"uvc-heading ult-adjust-bottom-margin ultimate-heading-854569ef484d3d5f7 uvc-3862 \" data-hspacer=\"no_spacer\"  data-halign=\"center\" style=\"text-align:center\"><div class=\"uvc-heading-spacer no_spacer\" style=\"top\"><\/div><div class=\"uvc-main-heading ult-responsive\"  data-ultimate-target='.uvc-heading.ultimate-heading-854569ef484d3d5f7 h1'  data-responsive-json-new='{\"font-size\":\"\",\"line-height\":\"\"}' ><h1 style=\"font-weight:normal;margin-bottom:40px;\">Nos contacts<\/h1><\/div><\/div>[\/vc_column][\/vc_row][vc_row css=\u00a0\u00bb.vc_custom_1463472567025{padding-top: 45px !important;}\u00a0\u00bb][vc_column width=\u00a0\u00bb1\/2&Prime;][vc_custom_heading text=\u00a0\u00bbNotre bureau\u00a0\u00bb font_container=\u00a0\u00bbtag:h3|text_align:left|color:%2334d4e6&Prime; use_theme_fonts=\u00a0\u00bbyes\u00a0\u00bb]<div class=\"uavc-list-icon uavc-list-icon-wrapper ult-adjust-bottom-margin contacticons liclear  \"><ul class=\"uavc-list\"><li><div class=\"uavc-list-content\" id=\"list-icon-wrap-7208\">\n<div class=\"uavc-list-icon  \" data-animation=\"\" data-animation-delay=\"03\" style=\"margin-right:12px;\"><div class=\"ult-just-icon-wrapper  \"><div class=\"align-icon\" style=\"text-align:center;\">\n<div class=\"aio-icon none \"  style=\"color:#34d4e6;font-size:22px;display:inline-block;\">\n\t<i class=\"Defaults-map-marker\"><\/i>\n<\/div><\/div><\/div>\n<\/div><span  data-ultimate-target='#list-icon-wrap-7208 .uavc-list-desc'  data-responsive-json-new='{\"font-size\":\"\",\"line-height\":\"\"}'  class=\"uavc-list-desc ult-responsive\" style=\"\"><strong>Adresse:<\/strong> Chemin de la Forge 19,<br \/>\n1863 Le S\u00e9pey<\/span><\/div><\/li><li><div class=\"uavc-list-content\" id=\"list-icon-wrap-9459\">\n<div class=\"uavc-list-icon  \" data-animation=\"\" data-animation-delay=\"03\" style=\"margin-right:12px;\"><div class=\"ult-just-icon-wrapper  \"><div class=\"align-icon\" style=\"text-align:center;\">\n<div class=\"aio-icon none \"  style=\"color:#34d4e6;font-size:22px;display:inline-block;\">\n\t<i class=\"Defaults-phone-square\"><\/i>\n<\/div><\/div><\/div>\n<\/div><span  data-ultimate-target='#list-icon-wrap-9459 .uavc-list-desc'  data-responsive-json-new='{\"font-size\":\"\",\"line-height\":\"\"}'  class=\"uavc-list-desc ult-responsive\" style=\"\"><strong>T\u00e9l\u00e9phone:<\/strong> +41 021 558 51 61<br \/>\n<strong>D\u00e9pannage:<\/strong> +41 076 371 06 84<\/span><\/div><\/li><li><div class=\"uavc-list-content\" id=\"list-icon-wrap-4225\">\n<div class=\"uavc-list-icon  \" data-animation=\"\" data-animation-delay=\"03\" style=\"margin-right:12px;\"><div class=\"ult-just-icon-wrapper  \"><div class=\"align-icon\" style=\"text-align:center;\">\n<div class=\"aio-icon none \"  style=\"color:#34d4e6;font-size:22px;display:inline-block;\">\n\t<i class=\"Defaults-envelope\"><\/i>\n<\/div><\/div><\/div>\n<\/div><span  data-ultimate-target='#list-icon-wrap-4225 .uavc-list-desc'  data-responsive-json-new='{\"font-size\":\"\",\"line-height\":\"\"}'  class=\"uavc-list-desc ult-responsive\" style=\"\"><strong>E-mail:<\/strong> info@andreish.ch<\/span><\/div><\/li><li><div class=\"uavc-list-content\" id=\"list-icon-wrap-2696\">\n<div class=\"uavc-list-icon  \" data-animation=\"\" data-animation-delay=\"03\" style=\"margin-right:12px;\"><div class=\"ult-just-icon-wrapper  \"><div class=\"align-icon\" style=\"text-align:center;\">\n<div class=\"aio-icon none \"  style=\"color:#34d4e6;font-size:22px;display:inline-block;\">\n\t<i class=\"Defaults-clock-o\"><\/i>\n<\/div><\/div><\/div>\n<\/div><span  data-ultimate-target='#list-icon-wrap-2696 .uavc-list-desc'  data-responsive-json-new='{\"font-size\":\"\",\"line-height\":\"\"}'  class=\"uavc-list-desc ult-responsive\" style=\"\"><strong>Temps de travail:<\/strong><br \/>\nLun-Ven: 07h00 &#8211; 17h00<br \/>\nD\u00e9pannage 24\/24 7\/7<\/span><\/div><\/li><\/ul><\/div>[\/vc_column][vc_column width=\u00a0\u00bb1\/2&Prime;][vc_gmaps link=\u00a0\u00bb#E-8_JTNDaWZyYW1lJTIwc3JjJTNEJTIyaHR0cHMlM0ElMkYlMkZ3d3cuZ29vZ2xlLmNvbSUyRm1hcHMlMkZlbWJlZCUzRnBiJTNEJTIxMW0xOCUyMTFtMTIlMjExbTMlMjExZDEwODQuODE1OTgwMDAyMzUyJTIxMmQ3LjA1MTMyMTQ3OTkzMDc1NCUyMTNkNDYuMzYxOTczNDg3NTE3NDIlMjEybTMlMjExZjAlMjEyZjAlMjEzZjAlMjEzbTIlMjExaTEwMjQlMjEyaTc2OCUyMTRmMTMuMSUyMTNtMyUyMTFtMiUyMTFzMHg0NzhlOTQxMGQ0ZDRmY2M5JTI1M0EweGIyMjkxMDgwZmE5ZTdmNmUlMjEyc0FuZHJlaSUyQlNIJTJCUyUyNUMzJTI1QTBybCUyQi4lMkJTYW5pdGFpcmUlMkIlMjUyNiUyQkNoYXVmZmFnZSUyMTVlMCUyMTNtMiUyMTFzcnUlMjEyc3VhJTIxNHYxNTQwNTU2MjU1NjU4JTIyJTIwd2lkdGglM0QlMjI2MDAlMjIlMjBoZWlnaHQlM0QlMjI0NTAlMjIlMjBmcmFtZWJvcmRlciUzRCUyMjAlMjIlMjBzdHlsZSUzRCUyMmJvcmRlciUzQTAlMjIlMjBhbGxvd2Z1bGxzY3JlZW4lM0UlM0MlMkZpZnJhbWUlM0U=\u00a0\u00bb][\/vc_column][\/vc_row][vc_row css=\u00a0\u00bb.vc_custom_1463721752688{padding-top: 45px !important;padding-bottom: 10px !important;}\u00a0\u00bb][vc_column][vc_separator][\/vc_column][\/vc_row][vc_row][vc_column][vc_custom_heading text=\u00a0\u00bbDemander un Devis Gratuit et sans engagement\u00a0\u00bb font_container=\u00a0\u00bbtag:h2|text_align:center\u00a0\u00bb use_theme_fonts=\u00a0\u00bbyes\u00a0\u00bb]\n<div class=\"wpcf7 no-js\" id=\"wpcf7-f774-o1\" lang=\"en-US\" dir=\"ltr\">\n<div class=\"screen-reader-response\"><p role=\"status\" aria-live=\"polite\" aria-atomic=\"true\"><\/p> <ul><\/ul><\/div>\n<form action=\"\/fr\/wp-json\/wp\/v2\/pages\/1556#wpcf7-f774-o1\" method=\"post\" class=\"wpcf7-form init\" aria-label=\"Contact form\" novalidate=\"novalidate\" data-status=\"init\">\n<div style=\"display: none;\">\n<input type=\"hidden\" name=\"_wpcf7\" value=\"774\" \/>\n<input type=\"hidden\" name=\"_wpcf7_version\" value=\"5.7.6\" \/>\n<input type=\"hidden\" name=\"_wpcf7_locale\" value=\"en_US\" \/>\n<input type=\"hidden\" name=\"_wpcf7_unit_tag\" value=\"wpcf7-f774-o1\" \/>\n<input type=\"hidden\" name=\"_wpcf7_container_post\" value=\"0\" \/>\n<input type=\"hidden\" name=\"_wpcf7_posted_data_hash\" value=\"\" \/>\n<\/div>\n<div class=\"darkform withico\">\n\t<div class=\"col-lg-4 col-md-4 col-sm-12 col-xs-12 name form-group\">\n\t\t<p><span class=\"wpcf7-form-control-wrap\" data-name=\"text-840\"><input size=\"40\" class=\"wpcf7-form-control wpcf7-text wpcf7-validates-as-required form-control\" aria-required=\"true\" aria-invalid=\"false\" placeholder=\"Votre nom\" value=\"\" type=\"text\" name=\"text-840\" \/><\/span>\n\t\t<\/p>\n\t<\/div>\n\t<div class=\"col-lg-4 col-md-4 col-sm-12 col-xs-12 mail form-group\">\n\t\t<p><span class=\"wpcf7-form-control-wrap\" data-name=\"email-433\"><input size=\"40\" class=\"wpcf7-form-control wpcf7-text wpcf7-email wpcf7-validates-as-required wpcf7-validates-as-email form-control\" aria-required=\"true\" aria-invalid=\"false\" placeholder=\"Votre E-mail\" value=\"\" type=\"email\" name=\"email-433\" \/><\/span>\n\t\t<\/p>\n\t<\/div>\n\t<div class=\"col-lg-4 col-md-4 col-sm-12 col-xs-12 phone form-group\">\n\t\t<p><span class=\"wpcf7-form-control-wrap\" data-name=\"tel-131\"><input size=\"40\" class=\"wpcf7-form-control wpcf7-text wpcf7-tel wpcf7-validates-as-required wpcf7-validates-as-tel form-control\" aria-required=\"true\" aria-invalid=\"false\" placeholder=\"Num\u00e9ro de t\u00e9l\u00e9phone\" value=\"\" type=\"tel\" name=\"tel-131\" \/><\/span>\n\t\t<\/p>\n\t<\/div>\n\t<div class=\"col-lg-12 mess form-group clearfix\">\n\t\t<p><span class=\"wpcf7-form-control-wrap\" data-name=\"textarea-955\"><textarea cols=\"40\" rows=\"10\" class=\"wpcf7-form-control wpcf7-textarea form-control\" aria-invalid=\"false\" placeholder=\"Votre message\" name=\"textarea-955\"><\/textarea><\/span>\n\t\t<\/p>\n\t<\/div>\n\t<div class=\"col-lg-12 text-center\">\n\t\t<p><input class=\"wpcf7-form-control has-spinner wpcf7-submit btn btn-info\" type=\"submit\" value=\"Envoyer un message\" \/>\n\t\t<\/p>\n\t<\/div>\n<\/div><div class=\"wpcf7-response-output\" aria-hidden=\"true\"><\/div>\n<\/form>\n<\/div>\n[\/vc_column][\/vc_row]<\/p>\n<\/section>","protected":false},"excerpt":{"rendered":"<p>[vc_row][vc_column][vc_empty_space height=\u00a0\u00bb80px\u00a0\u00bb][\/vc_column][\/vc_row][vc_row][vc_column][\/vc_column][\/vc_row][vc_row css=\u00a0\u00bb.vc_custom_1463472567025{padding-top: 45px !important;}\u00a0\u00bb][vc_column width=\u00a0\u00bb1\/2&Prime;][vc_custom_heading text=\u00a0\u00bbNotre bureau\u00a0\u00bb font_container=\u00a0\u00bbtag:h3|text_align:left|color:%2334d4e6&Prime; use_theme_fonts=\u00a0\u00bbyes\u00a0\u00bb][\/vc_column][vc_column width=\u00a0\u00bb1\/2&Prime;][vc_gmaps link=\u00a0\u00bb#E-8_JTNDaWZyYW1lJTIwc3JjJTNEJTIyaHR0cHMlM0ElMkYlMkZ3d3cuZ29vZ2xlLmNvbSUyRm1hcHMlMkZlbWJlZCUzRnBiJTNEJTIxMW0xOCUyMTFtMTIlMjExbTMlMjExZDEwODQuODE1OTgwMDAyMzUyJTIxMmQ3LjA1MTMyMTQ3OTkzMDc1NCUyMTNkNDYuMzYxOTczNDg3NTE3NDIlMjEybTMlMjExZjAlMjEyZjAlMjEzZjAlMjEzbTIlMjExaTEwMjQlMjEyaTc2OCUyMTRmMTMuMSUyMTNtMyUyMTFtMiUyMTFzMHg0NzhlOTQxMGQ0ZDRmY2M5JTI1M0EweGIyMjkxMDgwZmE5ZTdmNmUlMjEyc0FuZHJlaSUyQlNIJTJCUyUyNUMzJTI1QTBybCUyQi4lMkJTYW5pdGFpcmUlMkIlMjUyNiUyQkNoYXVmZmFnZSUyMTVlMCUyMTNtMiUyMTFzcnUlMjEyc3VhJTIxNHYxNTQwNTU2MjU1NjU4JTIyJTIwd2lkdGglM0QlMjI2MDAlMjIlMjBoZWlnaHQlM0QlMjI0NTAlMjIlMjBmcmFtZWJvcmRlciUzRCUyMjAlMjIlMjBzdHlsZSUzRCUyMmJvcmRlciUzQTAlMjIlMjBhbGxvd2Z1bGxzY3JlZW4lM0UlM0MlMkZpZnJhbWUlM0U=\u00a0\u00bb][\/vc_column][\/vc_row][vc_row css=\u00a0\u00bb.vc_custom_1463721752688{padding-top: 45px !important;padding-bottom: 10px !important;}\u00a0\u00bb][vc_column][vc_separator][\/vc_column][\/vc_row][vc_row][vc_column][vc_custom_heading text=\u00a0\u00bbDemander un Devis Gratuit et sans engagement\u00a0\u00bb font_container=\u00a0\u00bbtag:h2|text_align:center\u00a0\u00bb use_theme_fonts=\u00a0\u00bbyes\u00a0\u00bb][\/vc_column][\/vc_row]<\/p>\n","protected":false},"author":1,"featured_media":0,"parent":0,"menu_order":0,"comment_status":"closed","ping_status":"closed","template":"","meta":[],"aioseo_notices":[],"_links":{"self":[{"href":"https:\/\/andreish.ch\/fr\/wp-json\/wp\/v2\/pages\/1556"}],"collection":[{"href":"https:\/\/andreish.ch\/fr\/wp-json\/wp\/v2\/pages"}],"about":[{"href":"https:\/\/andreish.ch\/fr\/wp-json\/wp\/v2\/types\/page"}],"author":[{"embeddable":true,"href":"https:\/\/andreish.ch\/fr\/wp-json\/wp\/v2\/users\/1"}],"replies":[{"embeddable":true,"href":"https:\/\/andreish.ch\/fr\/wp-json\/wp\/v2\/comments?post=1556"}],"version-history":[{"count":16,"href":"https:\/\/andreish.ch\/fr\/wp-json\/wp\/v2\/pages\/1556\/revisions"}],"predecessor-version":[{"id":3548,"href":"https:\/\/andreish.ch\/fr\/wp-json\/wp\/v2\/pages\/1556\/revisions\/3548"}],"wp:attachment":[{"href":"https:\/\/andreish.ch\/fr\/wp-json\/wp\/v2\/media?parent=1556"}],"curies":[{"name":"wp","href":"https:\/\/api.w.org\/{rel}","templated":true}]}}