{"id":1565,"date":"2018-10-19T15:53:54","date_gmt":"2018-10-19T12:53:54","guid":{"rendered":"http:\/\/andreish.ch\/solnechnye-paneli\/"},"modified":"2020-10-14T16:50:40","modified_gmt":"2020-10-14T13:50:40","slug":"installation-panneaux-solaires","status":"publish","type":"page","link":"https:\/\/andreish.ch\/fr\/installation-panneaux-solaires\/","title":{"rendered":"Installation panneaux solaires"},"content":{"rendered":"<section class=\"wpb-content-wrapper\"><p>[vc_row css=\u00a0\u00bb.vc_custom_1470139385591{margin-bottom: 0px !important;padding-top: 20px !important;}\u00a0\u00bb][vc_column][vc_empty_space height=\u00a0\u00bb80px\u00a0\u00bb][\/vc_column][\/vc_row][vc_row css=\u00a0\u00bb.vc_custom_1470139385591{margin-bottom: 0px !important;padding-top: 20px !important;}\u00a0\u00bb][vc_column][vc_custom_heading text=\u00a0\u00bbInstallation panneaux solaires\u00a0\u00bb font_container=\u00a0\u00bbtag:h1|text_align:center\u00a0\u00bb use_theme_fonts=\u00a0\u00bbyes\u00a0\u00bb css=\u00a0\u00bb.vc_custom_1540206361463{margin-bottom: 10px !important;}\u00a0\u00bb][\/vc_column][\/vc_row][vc_row css=\u00a0\u00bb.vc_custom_1469611400389{margin-bottom: 60px !important;padding-top: 20px !important;}\u00a0\u00bb][vc_column][vc_custom_heading text=\u00a0\u00bbNous proposons nos services qualifi\u00e9s afin de trouver la solution adapt\u00e9e \u00e0 votre installation solaire thermique.<br \/>\nNous travaillons dans les cantons de Vaud, Valais et Fribourg.\u00a0\u00bb font_container=\u00a0\u00bbtag:p|text_align:center\u00a0\u00bb use_theme_fonts=\u00a0\u00bbyes\u00a0\u00bb css=\u00a0\u00bb.vc_custom_1602589102461{margin-bottom: 30px !important;}\u00a0\u00bb][\/vc_column][\/vc_row][vc_row css=\u00a0\u00bb.vc_custom_1462455564721{margin-bottom: 40px !important;}\u00a0\u00bb][vc_column width=\u00a0\u00bb1\/2&Prime;][vc_custom_heading text=\u00a0\u00bbMat\u00e9riaux de qualit\u00e9\u00a0\u00bb font_container=\u00a0\u00bbtag:h3|text_align:left\u00a0\u00bb use_theme_fonts=\u00a0\u00bbyes\u00a0\u00bb][vc_column_text]Nous travaillons avec des mat\u00e9riaux de qualit\u00e9, ainsi qu&rsquo;avec les meilleurs fournisseurs.[\/vc_column_text][\/vc_column][vc_column width=\u00a0\u00bb1\/2&Prime;][vc_single_image image=\u00a0\u00bb3322&Prime; img_size=\u00a0\u00bbfull\u00a0\u00bb alignment=\u00a0\u00bbright\u00a0\u00bb el_class=\u00a0\u00bbcircle_service_image\u00a0\u00bb][vc_custom_heading text=\u00a0\u00bbMat\u00e9riaux de qualit\u00e9\u00a0\u00bb font_container=\u00a0\u00bbtag:div|font_size:20px|text_align:center|color:%23ffffff\u00a0\u00bb use_theme_fonts=\u00a0\u00bbyes\u00a0\u00bb css=\u00a0\u00bb.vc_custom_1540203787208{margin-bottom: 10px !important;}\u00a0\u00bb el_class=\u00a0\u00bbcircle_service_h\u00a0\u00bb][\/vc_column][\/vc_row][vc_row css=\u00a0\u00bb.vc_custom_1462455564721{margin-bottom: 40px !important;}\u00a0\u00bb][vc_column width=\u00a0\u00bb1\/2&Prime;][vc_single_image image=\u00a0\u00bb3342&Prime; img_size=\u00a0\u00bbfull\u00a0\u00bb el_class=\u00a0\u00bbcircle_service_image\u00a0\u00bb][vc_custom_heading text=\u00a0\u00bbPersonnel qualifi\u00e9\u00a0\u00bb font_container=\u00a0\u00bbtag:div|font_size:20px|text_align:center|color:%23ffffff\u00a0\u00bb use_theme_fonts=\u00a0\u00bbyes\u00a0\u00bb css=\u00a0\u00bb.vc_custom_1540206977210{margin-bottom: 10px !important;}\u00a0\u00bb el_class=\u00a0\u00bbcircle_service_hl\u00a0\u00bb][\/vc_column][vc_column width=\u00a0\u00bb1\/2&Prime;][vc_custom_heading text=\u00a0\u00bbPersonnel qualifi\u00e9\u00a0\u00bb font_container=\u00a0\u00bbtag:h3|text_align:left\u00a0\u00bb use_theme_fonts=\u00a0\u00bbyes\u00a0\u00bb][vc_column_text]Le personnel qualifi\u00e9, la qualit\u00e9 de nos services, nous optimisons le travail avec une organisation plus efficace, un meilleur suivi. Nous sommes form\u00e9s afin d\u2019obtenir un travail dans les r\u00e8gles de l\u2019art, de mani\u00e8re propre et pr\u00e9cise tout en respectant les r\u00e8gles de s\u00e9curit\u00e9 et environnementales.[\/vc_column_text][\/vc_column][\/vc_row][vc_row css=\u00a0\u00bb.vc_custom_1462455564721{margin-bottom: 40px !important;}\u00a0\u00bb][vc_column width=\u00a0\u00bb1\/2&Prime;][vc_custom_heading text=\u00a0\u00bbInstallation panneaux solaires de A \u00e0 Z\u00a0\u00bb font_container=\u00a0\u00bbtag:h3|text_align:left\u00a0\u00bb use_theme_fonts=\u00a0\u00bbyes\u00a0\u00bb][vc_column_text]<\/p>\n<ul>\n<li>Devis et \u00e9tudes gratuits<\/li>\n<li>Demande de subventions<\/li>\n<li>R\u00e9alisations<\/li>\n<li>Entretien et maintenance<\/li>\n<li>Garanties<\/li>\n<\/ul>\n<p>[\/vc_column_text][\/vc_column][vc_column width=\u00a0\u00bb1\/2&Prime;][vc_single_image image=\u00a0\u00bb3332&Prime; img_size=\u00a0\u00bbfull\u00a0\u00bb alignment=\u00a0\u00bbright\u00a0\u00bb el_class=\u00a0\u00bbcircle_service_image\u00a0\u00bb][vc_custom_heading text=\u00a0\u00bbDe A \u00e0 Z\u00a0\u00bb font_container=\u00a0\u00bbtag:div|font_size:20px|text_align:center|color:%23ffffff\u00a0\u00bb use_theme_fonts=\u00a0\u00bbyes\u00a0\u00bb css=\u00a0\u00bb.vc_custom_1540207089119{margin-bottom: 10px !important;}\u00a0\u00bb el_class=\u00a0\u00bbcircle_service_h\u00a0\u00bb][\/vc_column][\/vc_row][vc_row full_width=\u00a0\u00bbstretch_row\u00a0\u00bb css=\u00a0\u00bb.vc_custom_1470123445335{padding-top: 65px !important;padding-bottom: 50px !important;background-color: #f0f2f6 !important;}\u00a0\u00bb][vc_column][vc_custom_heading text=\u00a0\u00bbNos avantages\u00a0\u00bb font_container=\u00a0\u00bbtag:h2|text_align:center\u00a0\u00bb use_theme_fonts=\u00a0\u00bbyes\u00a0\u00bb css=\u00a0\u00bb.vc_custom_1602589522587{margin-top: 0px !important;margin-bottom: 15px !important;}\u00a0\u00bb][vc_custom_heading text=\u00a0\u00bbEntretien et maintenance garanties\u00a0\u00bb font_container=\u00a0\u00bbtag:p|text_align:center\u00a0\u00bb use_theme_fonts=\u00a0\u00bbyes\u00a0\u00bb css=\u00a0\u00bb.vc_custom_1602674414492{margin-bottom: 50px !important;}\u00a0\u00bb][vc_row_inner][vc_column_inner width=\u00a0\u00bb1\/2&Prime; offset=\u00a0\u00bbvc_col-md-4 vc_col-xs-12&Prime;]<div class=\"smile_icon_list_wrap ult_info_list_container ult-adjust-bottom-margin icon_bump_l \"><ul class=\"smile_icon_list right circle with_bg\"><li class=\"icon_list_item\" style=\" font-size:96px;\"><div class=\"icon_list_icon\" data-animation=\"fadeIn\" data-animation-delay=\"03\" style=\"font-size:32px;border-width:1px;border-style:solid;background:#34d4e6;color:#ffffff;border-color:#ffffff;\"><i class=\"Defaults-group users\" ><\/i><\/div><div class=\"icon_description\" id=\"Info-list-wrap-8832\" style=\"font-size:32px;\"><h3 class=\"ult-responsive info-list-heading\"  data-ultimate-target='#Info-list-wrap-8832 h3'  data-responsive-json-new='{\"font-size\":\"desktop:16px;\",\"line-height\":\"desktop:24px;\"}'  style=\"\">Personnel qualifi\u00e9<\/h3><div class=\"icon_description_text ult-responsive\"  data-ultimate-target='#Info-list-wrap-8832 .icon_description_text'  data-responsive-json-new='{\"font-size\":\"desktop:15px;\",\"line-height\":\"desktop:22px;\"}'  style=\"\"><\/div><\/div><div class=\"icon_list_connector\" data-animation=\"fadeInUp\" data-animation-delay=\"03\" style=\"border-left-width: 1px;border-left-style: dashed;border-color: #dadfea;\"><\/div><\/li><li class=\"icon_list_item\" style=\" font-size:96px;\"><div class=\"icon_list_icon\" data-animation=\"fadeIn\" data-animation-delay=\"03\" style=\"font-size:32px;border-width:1px;border-style:solid;background:#34d4e6;color:#ffffff;border-color:#ffffff;\"><i class=\"Defaults-pencil-square\" ><\/i><\/div><div class=\"icon_description\" id=\"Info-list-wrap-8863\" style=\"font-size:32px;\"><h3 class=\"ult-responsive info-list-heading\"  data-ultimate-target='#Info-list-wrap-8863 h3'  data-responsive-json-new='{\"font-size\":\"desktop:16px;\",\"line-height\":\"desktop:24px;\"}'  style=\"\">Respect des d\u00e9lais et des contrats<\/h3><div class=\"icon_description_text ult-responsive\"  data-ultimate-target='#Info-list-wrap-8863 .icon_description_text'  data-responsive-json-new='{\"font-size\":\"desktop:15px;\",\"line-height\":\"desktop:22px;\"}'  style=\"\"><\/div><\/div><div class=\"icon_list_connector\" data-animation=\"fadeInUp\" data-animation-delay=\"03\" style=\"border-left-width: 1px;border-left-style: dashed;border-color: #dadfea;\"><\/div><\/li><li class=\"icon_list_item\" style=\" font-size:96px;\"><div class=\"icon_list_icon\" data-animation=\"fadeIn\" data-animation-delay=\"03\" style=\"font-size:32px;border-width:1px;border-style:solid;background:#34d4e6;color:#ffffff;border-color:#ffffff;\"><i class=\"Defaults-trophy\" ><\/i><\/div><div class=\"icon_description\" id=\"Info-list-wrap-4678\" style=\"font-size:32px;\"><h3 class=\"ult-responsive info-list-heading\"  data-ultimate-target='#Info-list-wrap-4678 h3'  data-responsive-json-new='{\"font-size\":\"desktop:16px;\",\"line-height\":\"desktop:24px;\"}'  style=\"\">Garantie de la qualit\u00e9, soin du d\u00e9tail<\/h3><div class=\"icon_description_text ult-responsive\"  data-ultimate-target='#Info-list-wrap-4678 .icon_description_text'  data-responsive-json-new='{\"font-size\":\"desktop:15px;\",\"line-height\":\"desktop:22px;\"}'  style=\"\"><\/div><\/div><div class=\"icon_list_connector\" data-animation=\"fadeInUp\" data-animation-delay=\"03\" style=\"border-left-width: 1px;border-left-style: dashed;border-color: #dadfea;\"><\/div><\/li><\/ul><\/div>[\/vc_column_inner][vc_column_inner width=\u00a0\u00bb1\/3&Prime; offset=\u00a0\u00bbvc_col-md-4 vc_hidden-sm vc_col-xs-12&Prime;][vc_single_image image=\u00a0\u00bb3253&Prime; img_size=\u00a0\u00bbfull\u00a0\u00bb alignment=\u00a0\u00bbcenter\u00a0\u00bb style=\u00a0\u00bbvc_box_rounded\u00a0\u00bb css_animation=\u00a0\u00bbappear\u00a0\u00bb][\/vc_column_inner][vc_column_inner width=\u00a0\u00bb1\/2&Prime; offset=\u00a0\u00bbvc_col-md-4 vc_col-xs-12&Prime;]<div class=\"smile_icon_list_wrap ult_info_list_container ult-adjust-bottom-margin icon_bump \"><ul class=\"smile_icon_list left circle with_bg\"><li class=\"icon_list_item\" style=\" font-size:96px;\"><div class=\"icon_list_icon\" data-animation=\"\" data-animation-delay=\"03\" style=\"font-size:32px;border-width:1px;border-style:solid;background:#34d4e6;color:#ffffff;border-color:#ffffff;\"><i class=\"Defaults-calculator\" ><\/i><\/div><div class=\"icon_description\" id=\"Info-list-wrap-4157\" style=\"font-size:32px;\"><h3 class=\"ult-responsive info-list-heading\"  data-ultimate-target='#Info-list-wrap-4157 h3'  data-responsive-json-new='{\"font-size\":\"desktop:16px;\",\"line-height\":\"desktop:24px;\"}'  style=\"\">Garantie du prix<\/h3><div class=\"icon_description_text ult-responsive\"  data-ultimate-target='#Info-list-wrap-4157 .icon_description_text'  data-responsive-json-new='{\"font-size\":\"desktop:15px;\",\"line-height\":\"desktop:22px;\"}'  style=\"\"><\/div><\/div><div class=\"icon_list_connector\" data-animation=\"fadeInUp\" data-animation-delay=\"03\" style=\"border-right-width: 1px;border-right-style: dashed;border-color: #dadfea;\"><\/div><\/li><li class=\"icon_list_item\" style=\" font-size:96px;\"><div class=\"icon_list_icon\" data-animation=\"fadeIn\" data-animation-delay=\"03\" style=\"font-size:32px;border-width:1px;border-style:solid;background:#34d4e6;color:#ffffff;border-color:#ffffff;\"><i class=\"Defaults-wrench\" ><\/i><\/div><div class=\"icon_description\" id=\"Info-list-wrap-9524\" style=\"font-size:32px;\"><h3 class=\"ult-responsive info-list-heading\"  data-ultimate-target='#Info-list-wrap-9524 h3'  data-responsive-json-new='{\"font-size\":\"desktop:16px;\",\"line-height\":\"desktop:24px;\"}'  style=\"\">Maintenance et entretien<\/h3><div class=\"icon_description_text ult-responsive\"  data-ultimate-target='#Info-list-wrap-9524 .icon_description_text'  data-responsive-json-new='{\"font-size\":\"desktop:15px;\",\"line-height\":\"desktop:22px;\"}'  style=\"\"><\/div><\/div><div class=\"icon_list_connector\" data-animation=\"fadeInUp\" data-animation-delay=\"03\" style=\"border-right-width: 1px;border-right-style: dashed;border-color: #dadfea;\"><\/div><\/li><li class=\"icon_list_item\" style=\" font-size:96px;\"><div class=\"icon_list_icon\" data-animation=\"fadeIn\" data-animation-delay=\"03\" style=\"font-size:32px;border-width:1px;border-style:solid;background:#34d4e6;color:#ffffff;border-color:#ffffff;\"><i class=\"Defaults-rocket\" ><\/i><\/div><div class=\"icon_description\" id=\"Info-list-wrap-4661\" style=\"font-size:32px;\"><h3 class=\"ult-responsive info-list-heading\"  data-ultimate-target='#Info-list-wrap-4661 h3'  data-responsive-json-new='{\"font-size\":\"desktop:16px;\",\"line-height\":\"desktop:24px;\"}'  style=\"\">Disponibilit\u00e9 pour le d\u00e9pannage 24\/24 et 7\/7<\/h3><div class=\"icon_description_text ult-responsive\"  data-ultimate-target='#Info-list-wrap-4661 .icon_description_text'  data-responsive-json-new='{\"font-size\":\"desktop:15px;\",\"line-height\":\"desktop:22px;\"}'  style=\"\"><\/div><\/div><div class=\"icon_list_connector\" data-animation=\"fadeInUp\" data-animation-delay=\"03\" style=\"border-right-width: 1px;border-right-style: dashed;border-color: #dadfea;\"><\/div><\/li><\/ul><\/div>[\/vc_column_inner][\/vc_row_inner][\/vc_column][vc_column][\/vc_column][\/vc_row][vc_row css=\u00a0\u00bb.vc_custom_1470139603772{margin-bottom: 75px !important;}\u00a0\u00bb][vc_column][vc_column_text][\/vc_column_text][\/vc_column][\/vc_row][vc_row][vc_column][vc_custom_heading text=\u00a0\u00bb\u00c9crivez nous\u00a0\u00bb font_container=\u00a0\u00bbtag:h2|text_align:center\u00a0\u00bb use_theme_fonts=\u00a0\u00bbyes\u00a0\u00bb]\n<div class=\"wpcf7 no-js\" id=\"wpcf7-f774-o1\" lang=\"en-US\" dir=\"ltr\">\n<div class=\"screen-reader-response\"><p role=\"status\" aria-live=\"polite\" aria-atomic=\"true\"><\/p> <ul><\/ul><\/div>\n<form action=\"\/fr\/wp-json\/wp\/v2\/pages\/1565#wpcf7-f774-o1\" method=\"post\" class=\"wpcf7-form init\" aria-label=\"Contact form\" novalidate=\"novalidate\" data-status=\"init\">\n<div style=\"display: none;\">\n<input type=\"hidden\" name=\"_wpcf7\" value=\"774\" \/>\n<input type=\"hidden\" name=\"_wpcf7_version\" value=\"5.7.6\" \/>\n<input type=\"hidden\" name=\"_wpcf7_locale\" value=\"en_US\" \/>\n<input type=\"hidden\" name=\"_wpcf7_unit_tag\" value=\"wpcf7-f774-o1\" \/>\n<input type=\"hidden\" name=\"_wpcf7_container_post\" value=\"0\" \/>\n<input type=\"hidden\" name=\"_wpcf7_posted_data_hash\" value=\"\" \/>\n<\/div>\n<div class=\"darkform withico\">\n\t<div class=\"col-lg-4 col-md-4 col-sm-12 col-xs-12 name form-group\">\n\t\t<p><span class=\"wpcf7-form-control-wrap\" data-name=\"text-840\"><input size=\"40\" class=\"wpcf7-form-control wpcf7-text wpcf7-validates-as-required form-control\" aria-required=\"true\" aria-invalid=\"false\" placeholder=\"Votre nom\" value=\"\" type=\"text\" name=\"text-840\" \/><\/span>\n\t\t<\/p>\n\t<\/div>\n\t<div class=\"col-lg-4 col-md-4 col-sm-12 col-xs-12 mail form-group\">\n\t\t<p><span class=\"wpcf7-form-control-wrap\" data-name=\"email-433\"><input size=\"40\" class=\"wpcf7-form-control wpcf7-text wpcf7-email wpcf7-validates-as-required wpcf7-validates-as-email form-control\" aria-required=\"true\" aria-invalid=\"false\" placeholder=\"Votre E-mail\" value=\"\" type=\"email\" name=\"email-433\" \/><\/span>\n\t\t<\/p>\n\t<\/div>\n\t<div class=\"col-lg-4 col-md-4 col-sm-12 col-xs-12 phone form-group\">\n\t\t<p><span class=\"wpcf7-form-control-wrap\" data-name=\"tel-131\"><input size=\"40\" class=\"wpcf7-form-control wpcf7-text wpcf7-tel wpcf7-validates-as-required wpcf7-validates-as-tel form-control\" aria-required=\"true\" aria-invalid=\"false\" placeholder=\"Num\u00e9ro de t\u00e9l\u00e9phone\" value=\"\" type=\"tel\" name=\"tel-131\" \/><\/span>\n\t\t<\/p>\n\t<\/div>\n\t<div class=\"col-lg-12 mess form-group clearfix\">\n\t\t<p><span class=\"wpcf7-form-control-wrap\" data-name=\"textarea-955\"><textarea cols=\"40\" rows=\"10\" class=\"wpcf7-form-control wpcf7-textarea form-control\" aria-invalid=\"false\" placeholder=\"Votre message\" name=\"textarea-955\"><\/textarea><\/span>\n\t\t<\/p>\n\t<\/div>\n\t<div class=\"col-lg-12 text-center\">\n\t\t<p><input class=\"wpcf7-form-control has-spinner wpcf7-submit btn btn-info\" type=\"submit\" value=\"Envoyer un message\" \/>\n\t\t<\/p>\n\t<\/div>\n<\/div><div class=\"wpcf7-response-output\" aria-hidden=\"true\"><\/div>\n<\/form>\n<\/div>\n[\/vc_column][\/vc_row]<\/p>\n<\/section>","protected":false},"excerpt":{"rendered":"<p>[vc_row css=\u00a0\u00bb.vc_custom_1470139385591{margin-bottom: 0px !important;padding-top: 20px !important;}\u00a0\u00bb][vc_column][vc_empty_space height=\u00a0\u00bb80px\u00a0\u00bb][\/vc_column][\/vc_row][vc_row css=\u00a0\u00bb.vc_custom_1470139385591{margin-bottom: 0px !important;padding-top: 20px !important;}\u00a0\u00bb][vc_column][vc_custom_heading text=\u00a0\u00bbInstallation panneaux solaires\u00a0\u00bb font_container=\u00a0\u00bbtag:h1|text_align:center\u00a0\u00bb use_theme_fonts=\u00a0\u00bbyes\u00a0\u00bb css=\u00a0\u00bb.vc_custom_1540206361463{margin-bottom: 10px !important;}\u00a0\u00bb][\/vc_column][\/vc_row][vc_row css=\u00a0\u00bb.vc_custom_1469611400389{margin-bottom: 60px !important;padding-top: 20px !important;}\u00a0\u00bb][vc_column][vc_custom_heading text=\u00a0\u00bbNous proposons nos services qualifi\u00e9s afin de trouver la solution adapt\u00e9e \u00e0 votre installation solaire thermique. Nous travaillons dans les cantons de Vaud, Valais et Fribourg.\u00a0\u00bb font_container=\u00a0\u00bbtag:p|text_align:center\u00a0\u00bb use_theme_fonts=\u00a0\u00bbyes\u00a0\u00bb css=\u00a0\u00bb.vc_custom_1602589102461{margin-bottom: 30px<\/p>\n","protected":false},"author":3,"featured_media":0,"parent":0,"menu_order":0,"comment_status":"closed","ping_status":"closed","template":"","meta":[],"aioseo_notices":[],"_links":{"self":[{"href":"https:\/\/andreish.ch\/fr\/wp-json\/wp\/v2\/pages\/1565"}],"collection":[{"href":"https:\/\/andreish.ch\/fr\/wp-json\/wp\/v2\/pages"}],"about":[{"href":"https:\/\/andreish.ch\/fr\/wp-json\/wp\/v2\/types\/page"}],"author":[{"embeddable":true,"href":"https:\/\/andreish.ch\/fr\/wp-json\/wp\/v2\/users\/3"}],"replies":[{"embeddable":true,"href":"https:\/\/andreish.ch\/fr\/wp-json\/wp\/v2\/comments?post=1565"}],"version-history":[{"count":17,"href":"https:\/\/andreish.ch\/fr\/wp-json\/wp\/v2\/pages\/1565\/revisions"}],"predecessor-version":[{"id":3487,"href":"https:\/\/andreish.ch\/fr\/wp-json\/wp\/v2\/pages\/1565\/revisions\/3487"}],"wp:attachment":[{"href":"https:\/\/andreish.ch\/fr\/wp-json\/wp\/v2\/media?parent=1565"}],"curies":[{"name":"wp","href":"https:\/\/api.w.org\/{rel}","templated":true}]}}